{"id":40,"date":"2020-02-25T11:15:02","date_gmt":"2020-02-25T10:15:02","guid":{"rendered":"http:\/\/www.rasl-engineering.at\/?page_id=40"},"modified":"2022-10-05T15:33:13","modified_gmt":"2022-10-05T13:33:13","slug":"impressum","status":"publish","type":"page","link":"http:\/\/www.rasl-engineering.at\/?page_id=40","title":{"rendered":"Impressum"},"content":{"rendered":"<section id=\"builder-section-text_11\" class=\"builder-section-first builder-section builder-section-text builder-section-last builder-text-columns-1\" style=\"background-size: cover; background-repeat: no-repeat;background-position: center center;\">\n<div class=\"builder-section-content\">\n<div class=\"builder-text-row\">\n<div class=\"builder-text-column builder-text-column-1\" id=\"builder-section-text_11-column-1\">\n<div class=\"builder-text-content\">\n<p><strong>Dipl-Ing. Matthias Rasl <\/strong><br \/>Am Strassacker 36\/4<br \/>A-7081 Sch\u00fctzen am Gebirge<\/p>\n<p>T: +43 (0) 676 \/ 948 93 93<br \/>E-Mail : info@der-rasl.at<\/p>\n<p>UID-Nr: ATU 66905888<\/p>\n<p><strong>Rechtsform<br \/><\/strong>eingetragenes Einzelunternehmen: rasl-engineering e.U.<\/p>\n<p><strong>Firmenbuchnummer: FN 375924 F<\/strong> <br \/><strong>Firmengericht:<\/strong>\u00a0Landesgericht Eisenstadt\u00a0<strong><br \/><\/strong><strong>Kammerzugeh\u00f6rigkeit:\u00a0<\/strong>Wirtschaftskammer Burgenland<\/p>\n<p>Anwendbare gewerbe- oder berufsrechtlichen Vorschriften: Gewerbeordnung 1994, abrufbar unter\u00a0<a href=\"http:\/\/www.ris.bka.gv.at\">http:\/\/www.ris.bka.gv.at<\/a><\/p>\n<p>F\u00fcr den Inhalt verantwortlich: Dipl. Ing. Matthias Rasl<\/p>\n<p><strong>Externe Links<\/strong><br \/>Die Inhalte externer Links werden von uns nicht gepr\u00fcft. Sie unterliegen der Haftung der jeweiligen Anbieter. Wir m\u00f6chten ausdr\u00fccklich betonen, dass wir keinerlei Einfluss auf die Gestaltung und die Inhalte der gelinkten Seiten haben. Deshalb distanzieren wir uns hiermit ausdr\u00fccklich von den Inhalten aller gelinkten Seiten auf dieser gesamten Website inkl. aller Unterseiten.<\/p>\n<p><strong>Haftung<\/strong><br \/>Wir weisen ausdr\u00fccklich darauf hin, dass alle Angaben auf dieser Webseite keine Zusicherung oder Garantie darstellen. Jegliche Haftung aufgrund von fehlerhaften, unvollst\u00e4ndigen oder veralteten Informationen wird ausgeschlossen. Webseiten unseres Internet-Auftritts k\u00f6nnen Links zu Webseiten anderer Anbieter enthalten, auf die wir keinen Einfluss haben. Wir k\u00f6nnen daher keine Gew\u00e4hr f\u00fcr die Korrektheit und Qualit\u00e4t der dort bereitgestellten Informationen \u00fcbernehmen.<\/p>\n<p><strong>Copyright<\/strong><br \/>S\u00e4mtliche Texte, Bilder und andere auf dieser Webseite ver\u00f6ffentlichten Werke unterliegen \u2013 sofern nicht anders gekennzeichnet \u2013 dem Copyright von Dipl. Ing. Matthias Rasl. Jede Vervielf\u00e4ltigung, Verbreitung, Speicherung, \u00dcbermittlung, Sendung und Wieder- bzw. Weitergabe der Inhalte ist ohne schriftliche Genehmigung von Dipl. Ing. Matthias Rasl ausdr\u00fccklich untersagt und wird bei Bedarf strafrechtlich verfolgt.<\/p>\n<p><strong>Datenschutz<\/strong><br \/>Alle auf dieser Webseite erhobenen Daten werden entsprechend den Vorschriften des Bundesdatenschutzgesetzes (BDSG) und des Informations- und Telekommunikationsdienstegesetzes (IuTDG) behandelt. Eine Weitergabe von pers\u00f6nlichen Daten an Dritte ohne ausdr\u00fcckliche Einwilligung des Betroffenen erfolgt nicht. Unter \u2018pers\u00f6nlichen Daten\u2019 verstehen wir Informationen, mit denen sich Ihre Identit\u00e4t ermitteln l\u00e4sst. Also etwa Ihr Name, Ihre Adresse oder Ihre Telefonnummer. \u00dcber Links zu anderen Webseiten erstreckt sich diese Datenschutzerkl\u00e4rung nicht.<\/p>\n<p><strong>Rechtswirksamkeit<\/strong><br \/>Sofern Teile oder einzelne Formulierungen dieses Textes der geltenden Rechtslage nicht, nicht mehr oder nicht vollst\u00e4ndig entsprechen sollten, bleiben die \u00fcbrigen Teile des Dokumentes in ihrem Inhalt und ihrer G\u00fcltigkeit davon unber\u00fchrt.<\/p>\n<p><strong>Texte, Bilder und Inhalt:<\/strong><br \/>Dipl. Ing. Matthias Rasl<\/p>\n<p><strong>Homepagegestaltung:<br \/><\/strong>Kerstin Kriks, <a href=\"http:\/\/www.kriks.at\">www.kriks.at<\/a><\/p>\n<\/p><\/div>\n<\/p><\/div>\n<\/p><\/div>\n<div class=\"builder-text-row\">\n<div class=\"builder-text-column builder-text-column-2\" id=\"builder-section-text_11-column-1\">\n<div class=\"builder-text-content\">\n\t\t\t\t\t\t\t\t\t\t\t<\/div>\n<\/p><\/div>\n<\/p><\/div>\n<div class=\"builder-text-row\">\n<div class=\"builder-text-column builder-text-column-3\" id=\"builder-section-text_11-column-1\">\n<div class=\"builder-text-content\">\n\t\t\t\t\t\t\t\t\t\t\t<\/div>\n<\/p><\/div>\n<\/p><\/div>\n<\/p><\/div>\n<\/section>\n","protected":false},"excerpt":{"rendered":"<p>Dipl-Ing. Matthias Rasl Am Strassacker 36\/4A-7081 Sch\u00fctzen am Gebirge T: +43 (0) 676 \/ 948 93 93E-Mail : info@der-rasl.at UID-Nr: ATU 66905888 Rechtsformeingetragenes Einzelunternehmen: rasl-engineering e.U. Firmenbuchnummer: FN 375924 F Firmengericht:\u00a0Landesgericht Eisenstadt\u00a0Kammerzugeh\u00f6rigkeit:\u00a0Wirtschaftskammer Burgenland Anwendbare gewerbe- oder berufsrechtlichen Vorschriften: Gewerbeordnung 1994, abrufbar unter\u00a0http:\/\/www.ris.bka.gv.at F\u00fcr den Inhalt verantwortlich: Dipl. Ing. Matthias Rasl Externe LinksDie Inhalte externer Links &hellip;<\/p>\n","protected":false},"author":1,"featured_media":0,"parent":0,"menu_order":0,"comment_status":"closed","ping_status":"closed","template":"template-builder.php","meta":[],"_links":{"self":[{"href":"http:\/\/www.rasl-engineering.at\/index.php?rest_route=\/wp\/v2\/pages\/40"}],"collection":[{"href":"http:\/\/www.rasl-engineering.at\/index.php?rest_route=\/wp\/v2\/pages"}],"about":[{"href":"http:\/\/www.rasl-engineering.at\/index.php?rest_route=\/wp\/v2\/types\/page"}],"author":[{"embeddable":true,"href":"http:\/\/www.rasl-engineering.at\/index.php?rest_route=\/wp\/v2\/users\/1"}],"replies":[{"embeddable":true,"href":"http:\/\/www.rasl-engineering.at\/index.php?rest_route=%2Fwp%2Fv2%2Fcomments&post=40"}],"version-history":[{"count":7,"href":"http:\/\/www.rasl-engineering.at\/index.php?rest_route=\/wp\/v2\/pages\/40\/revisions"}],"predecessor-version":[{"id":216,"href":"http:\/\/www.rasl-engineering.at\/index.php?rest_route=\/wp\/v2\/pages\/40\/revisions\/216"}],"wp:attachment":[{"href":"http:\/\/www.rasl-engineering.at\/index.php?rest_route=%2Fwp%2Fv2%2Fmedia&parent=40"}],"curies":[{"name":"wp","href":"https:\/\/api.w.org\/{rel}","templated":true}]}}